{"id":10,"date":"2018-03-09T22:04:21","date_gmt":"2018-03-09T22:04:21","guid":{"rendered":"http:\/\/balmet.cz\/?page_id=10"},"modified":"2022-07-25T11:13:36","modified_gmt":"2022-07-25T09:13:36","slug":"about-us","status":"publish","type":"page","link":"https:\/\/balmet.cz\/de\/about-us\/","title":{"rendered":"\u00dcber uns"},"content":{"rendered":"<p><strong>\u00a0 \u00a0 \u00a0 \u00a0 \u00a0 \u00a0 \u00dcBER UNTERNEHMEN<\/strong><\/p>\n<p>Unsere Firma BalMet Trade s.r.o. wurde im November 2011 gegr\u00fcndet und ist derzeit ein dynamisches, schnell wachsendes Unternehmen.<\/p>\n<p><img loading=\"lazy\" class=\"alignnone wp-image-237\" src=\"http:\/\/balmet.cz\/wp-content\/uploads\/2019\/03\/Panorama-Praha-300x196.jpg\" alt=\"\" width=\"620\" height=\"405\" srcset=\"https:\/\/balmet.cz\/wp-content\/uploads\/2019\/03\/Panorama-Praha-300x196.jpg 300w, https:\/\/balmet.cz\/wp-content\/uploads\/2019\/03\/Panorama-Praha-768x502.jpg 768w, https:\/\/balmet.cz\/wp-content\/uploads\/2019\/03\/Panorama-Praha-1024x669.jpg 1024w\" sizes=\"(max-width: 620px) 100vw, 620px\" \/><\/p>\n<p>Unser Unternehmen\u00a0 BalMet Trade s.r.o. besch\u00e4ftigt sich mit Gro\u00dfhandel mit Eisen- und Nichteisenmetallen aus Russland und den GUS-Staaten f\u00fcr europ\u00e4ische Verbraucher.<\/p>\n<p><img loading=\"lazy\" class=\"alignnone wp-image-64\" src=\"http:\/\/balmet.cz\/wp-content\/uploads\/2018\/03\/20160705_163053-300x169.jpg\" alt=\"\" width=\"619\" height=\"349\" srcset=\"https:\/\/balmet.cz\/wp-content\/uploads\/2018\/03\/20160705_163053-300x169.jpg 300w, https:\/\/balmet.cz\/wp-content\/uploads\/2018\/03\/20160705_163053-768x432.jpg 768w, https:\/\/balmet.cz\/wp-content\/uploads\/2018\/03\/20160705_163053-1024x576.jpg 1024w\" sizes=\"(max-width: 619px) 100vw, 619px\" \/><\/p>\n<p>Unser Unternehmen unterh\u00e4lt langj\u00e4hrige Gesch\u00e4ftsbeziehungen zu vielen Fabriken in der Russischen F\u00f6deration und den GUS-Staaten, so dass wir Ihnen den Versand von Produkten direkt aus Fabriken zu g\u00fcnstigen Bedingungen anbieten k\u00f6nnen.<\/p>\n<p>Unser Unternehmen BalMet Trade s.r.o. liefert zusammen mit seinen Partnern Ausr\u00fcstung und Komponenten f\u00fcr die \u00d6l- und Gasindustrie sowie die petrochemische Industrie der GUS-Staaten.<\/p>\n<p><img loading=\"lazy\" class=\"alignnone wp-image-115\" src=\"http:\/\/balmet.cz\/wp-content\/uploads\/2018\/04\/2011436-twilight-view-of-an-oil-refinery-300x188.jpg\" alt=\"\" width=\"620\" height=\"389\" srcset=\"https:\/\/balmet.cz\/wp-content\/uploads\/2018\/04\/2011436-twilight-view-of-an-oil-refinery-300x188.jpg 300w, https:\/\/balmet.cz\/wp-content\/uploads\/2018\/04\/2011436-twilight-view-of-an-oil-refinery.jpg 409w\" sizes=\"(max-width: 620px) 100vw, 620px\" \/><\/p>\n<p>Basierend auf den Bestellungen unserer Kunden liefert unser Unternehmen:<\/p>\n<p>&#8211; Elemente von Rohrleitungen f\u00fcr Gas- und \u00d6lpipelines;<\/p>\n<p>&#8211; Rohrleitungsarmaturen;<\/p>\n<p>&#8211; Ersatzteile f\u00fcr Pumpen und Ventile;<\/p>\n<p>&#8211; Bohrlochausr\u00fcstungen zur Ausr\u00fcstung von Gas- und \u00d6lquellen und deren Erhaltung;<\/p>\n<p>&#8211; Schmiede- und Pressausr\u00fcstung;<\/p>\n<p>&#8211; Metallbearbeitungsausr\u00fcstung und Herstellung von Rohrleitungselementen;<\/p>\n<p>&#8211; W\u00e4rmeaustauschausr\u00fcstung;<\/p>\n<p>&#8211; kapazitive Ausr\u00fcstung;<\/p>\n<p>&#8211; Gastrocknungsanlagen;<\/p>\n<p>&#8211; und andere von unseren Kunden bestellte Ger\u00e4te.<\/p>\n<p>Unsere Firma BalMet Trade s.r.o liefert neue Ausr\u00fcstung, die von f\u00fchrenden europ\u00e4ischen Unternehmen entwickelt wurde. Bei Einzelbestellungen unserer Kunden ist die Lieferung von Gebrauchtger\u00e4ten m\u00f6glich. Diese Ger\u00e4te werden von Spezialisten unseres Unternehmens vor dem Verkauf umfassend geschult, gewartet und getestet.<\/p>\n<p>Unser Unternehmen kann Lieferungen auf der Grundlage von Mindestpreisen und garantierter Qualit\u00e4t durchf\u00fchren. Die Lieferung ist in kurzer Zeit m\u00f6glich.<\/p>\n<p>Unser Unternehmen hat eine lange Partnerschaft mit Herstellern von Rohrleitungskomponenten. Auf der Grundlage Ihrer Bestellungen k\u00f6nnen in den Unternehmen unserer Partner Rohrfittings hergestellt werden:<\/p>\n<p>&#8211; Kurven sind steil gebogen, Kurven sind gebogen;<\/p>\n<p>&#8211; Abschl\u00e4ge gestempelt und gestempelt;<\/p>\n<p>&#8211; \u00dcberg\u00e4nge werden gestempelt und gestempelt, \u00dcberg\u00e4nge werden gedreht;<\/p>\n<p>&#8211; gestanzte B\u00f6den, \u00dcbergangsringe, Beschl\u00e4ge;<\/p>\n<p>&#8211; Flachflansche mit Anschl\u00fcssen verschwei\u00dft.<\/p>\n<p>Alle Produkte werden aus kohlenstoffarmen, legierten und hochlegierten St\u00e4hlen hergestellt.<\/p>\n<p>Rohrleitungsfittings werden hergestellt f\u00fcr: Haupt-, Feld- und Prozessrohrleitungen f\u00fcr \u00d6l, Gas, Dampf und Warmwasser.<\/p>\n<p>Es k\u00f6nnen auch Installationsbaugruppen f\u00fcr Rohrleitungen, mobile und feste Halterungen f\u00fcr Rohrleitungen, Produkte f\u00fcr Heizkraftwerke und andere Metallkonstruktionen hergestellt werden.<\/p>\n<p>Das Hauptprinzip unseres Unternehmens ist die Lieferung von qualitativ hochwertigen Produkten. Wir bieten unseren Kunden qualitativ hochwertige Produkte und Dienstleistungen auf h\u00f6chstem Niveau.<\/p>\n<p>Unsere Produkte entsprechen vollst\u00e4ndig den Kundenanforderungen und Qualit\u00e4tsstandards.<\/p>\n","protected":false},"excerpt":{"rendered":"<p>\u00a0 \u00a0 \u00a0 \u00a0 \u00a0 \u00a0 \u00dcBER UNTERNEHMEN Unsere Firma BalMet Trade s.r.o. wurde im November 2011 gegr\u00fcndet und ist derzeit ein dynamisches, schnell wachsendes Unternehmen. Unser Unternehmen\u00a0 BalMet Trade s.r.o. besch\u00e4ftigt sich mit Gro\u00dfhandel mit Eisen- und Nichteisenmetallen aus Russland und den GUS-Staaten f\u00fcr europ\u00e4ische Verbraucher. Unser Unternehmen unterh\u00e4lt langj\u00e4hrige Gesch\u00e4ftsbeziehungen zu vielen Fabriken [&hellip;]<\/p>\n","protected":false},"author":1,"featured_media":0,"parent":0,"menu_order":0,"comment_status":"closed","ping_status":"closed","template":"","meta":{"spay_email":""},"yoast_head":"<!-- This site is optimized with the Yoast SEO plugin v14.9 - https:\/\/yoast.com\/wordpress\/plugins\/seo\/ -->\n<title>\u00dcber uns - BALMET TRADE S.R.O.<\/title>\n<meta name=\"robots\" content=\"index, follow, max-snippet:-1, max-image-preview:large, max-video-preview:-1\" \/>\n<link rel=\"canonical\" href=\"http:\/\/balmet.cz\/about-us\/\" \/>\n<meta property=\"og:locale\" content=\"de_DE\" \/>\n<meta property=\"og:type\" content=\"article\" \/>\n<meta property=\"og:title\" content=\"\u00dcber uns - BALMET TRADE S.R.O.\" \/>\n<meta property=\"og:url\" content=\"http:\/\/balmet.cz\/about-us\/\" \/>\n<meta property=\"og:site_name\" content=\"BALMET TRADE S.R.O.\" \/>\n<meta property=\"article:modified_time\" content=\"2022-07-25T09:13:36+00:00\" \/>\n<meta property=\"og:image\" content=\"http:\/\/balmet.cz\/wp-content\/uploads\/2019\/03\/Panorama-Praha-300x196.jpg\" \/>\n<meta name=\"twitter:card\" content=\"summary_large_image\" \/>\n<script type=\"application\/ld+json\" class=\"yoast-schema-graph\">{\"@context\":\"https:\/\/schema.org\",\"@graph\":[{\"@type\":\"WebSite\",\"@id\":\"https:\/\/balmet.cz\/de\/#website\",\"url\":\"https:\/\/balmet.cz\/de\/\",\"name\":\"BALMET TRADE S.R.O.\",\"description\":\"Unsere Firma wurde gegr\\u00fcndet, um Ausr\\u00fcstung zu liefern.\",\"potentialAction\":[{\"@type\":\"SearchAction\",\"target\":\"https:\/\/balmet.cz\/de\/?s={search_term_string}\",\"query-input\":\"required name=search_term_string\"}],\"inLanguage\":\"de\"},{\"@type\":\"ImageObject\",\"@id\":\"http:\/\/balmet.cz\/about-us\/#primaryimage\",\"inLanguage\":\"de\",\"url\":\"http:\/\/balmet.cz\/wp-content\/uploads\/2019\/03\/Panorama-Praha-300x196.jpg\"},{\"@type\":\"WebPage\",\"@id\":\"http:\/\/balmet.cz\/about-us\/#webpage\",\"url\":\"http:\/\/balmet.cz\/about-us\/\",\"name\":\"\\u00dcber uns - BALMET TRADE S.R.O.\",\"isPartOf\":{\"@id\":\"https:\/\/balmet.cz\/de\/#website\"},\"primaryImageOfPage\":{\"@id\":\"http:\/\/balmet.cz\/about-us\/#primaryimage\"},\"datePublished\":\"2018-03-09T22:04:21+00:00\",\"dateModified\":\"2022-07-25T09:13:36+00:00\",\"inLanguage\":\"de\",\"potentialAction\":[{\"@type\":\"ReadAction\",\"target\":[\"http:\/\/balmet.cz\/about-us\/\"]}]}]}<\/script>\n<!-- \/ Yoast SEO plugin. -->","jetpack_sharing_enabled":true,"jetpack_shortlink":"https:\/\/wp.me\/P9Jwby-a","_links":{"self":[{"href":"https:\/\/balmet.cz\/de\/wp-json\/wp\/v2\/pages\/10"}],"collection":[{"href":"https:\/\/balmet.cz\/de\/wp-json\/wp\/v2\/pages"}],"about":[{"href":"https:\/\/balmet.cz\/de\/wp-json\/wp\/v2\/types\/page"}],"author":[{"embeddable":true,"href":"https:\/\/balmet.cz\/de\/wp-json\/wp\/v2\/users\/1"}],"replies":[{"embeddable":true,"href":"https:\/\/balmet.cz\/de\/wp-json\/wp\/v2\/comments?post=10"}],"version-history":[{"count":15,"href":"https:\/\/balmet.cz\/de\/wp-json\/wp\/v2\/pages\/10\/revisions"}],"predecessor-version":[{"id":479,"href":"https:\/\/balmet.cz\/de\/wp-json\/wp\/v2\/pages\/10\/revisions\/479"}],"wp:attachment":[{"href":"https:\/\/balmet.cz\/de\/wp-json\/wp\/v2\/media?parent=10"}],"curies":[{"name":"wp","href":"https:\/\/api.w.org\/{rel}","templated":true}]}}