{"id":11,"date":"2018-03-09T22:04:21","date_gmt":"2018-03-09T22:04:21","guid":{"rendered":"http:\/\/balmet.cz\/?page_id=11"},"modified":"2019-03-15T23:35:29","modified_gmt":"2019-03-15T21:35:29","slug":"services","status":"publish","type":"page","link":"https:\/\/balmet.cz\/de\/services\/","title":{"rendered":"Dienstleistungen"},"content":{"rendered":"<p><strong>\u00a0 \u00a0 \u00a0 \u00a0 \u00a0 \u00a0 \u00a0 \u00a0 \u00a0 \u00a0 \u00a0 DIENSTLEISTUNGEN<\/strong><\/p>\n<p><strong>Unser Unternehmen Balmet Trade s.r.o. kann seinen Kunden die folgenden Arten von Dienstleistungen anbieten:<\/strong><\/p>\n<p><strong>1.Dienstleistungen zur Herstellung von Verbindungselementen f\u00fcr Rohrleitungen.<\/strong><\/p>\n<p>Unser Unternehmen hat eine lange Partnerschaft mit Herstellern von Rohrleitungskomponenten. Auf der Grundlage Ihrer Bestellungen k\u00f6nnen in den Unternehmen unserer Partner die Verbindungsteile der Rohrleitungskomponenten hergestellt werden:<\/p>\n<p>&#8211; Biegungen sind stark gekr\u00fcmmt, Biegungen sind gebogen;<\/p>\n<p>&#8211; Abschl\u00e4ge gestempelt und gestempelt;<\/p>\n<p>&#8211; \u00dcberg\u00e4nge werden gestempelt und gestempelt, \u00dcberg\u00e4nge werden gedreht;<\/p>\n<p>&#8211; gestanzte B\u00f6den, \u00dcbergangsringe, Beschl\u00e4ge;<\/p>\n<p>&#8211; Flachflansche mit Anschl\u00fcssen verschwei\u00dft.<\/p>\n<p><img loading=\"lazy\" class=\"alignnone wp-image-224\" src=\"http:\/\/balmet.cz\/wp-content\/uploads\/2019\/03\/Production-of-pipeline-components-300x212.jpg\" alt=\"\" width=\"625\" height=\"442\" srcset=\"https:\/\/balmet.cz\/wp-content\/uploads\/2019\/03\/Production-of-pipeline-components-300x212.jpg 300w, https:\/\/balmet.cz\/wp-content\/uploads\/2019\/03\/Production-of-pipeline-components-768x543.jpg 768w, https:\/\/balmet.cz\/wp-content\/uploads\/2019\/03\/Production-of-pipeline-components-1024x724.jpg 1024w\" sizes=\"(max-width: 625px) 100vw, 625px\" \/><\/p>\n<p>Alle Produkte werden aus kohlenstoffarmen, legierten und hochlegierten St\u00e4hlen hergestellt. Rohrleitungsfittings werden hergestellt f\u00fcr: Haupt-, Feld- und Prozessrohrleitungen f\u00fcr \u00d6l, Gas, Dampf und Warmwasser. Es k\u00f6nnen auch Installationsbaugruppen f\u00fcr Rohrleitungen, mobile und feste Halterungen f\u00fcr Rohrleitungen, Produkte f\u00fcr Heizkraftwerke und andere Metallkonstruktionen hergestellt werden. Die Unternehmen unserer Partner beherrschen die Anwendung von Verbindungselementen und anderen Metallstrukturen f\u00fcr \u00e4u\u00dfere Korrosionsschutzbeschichtungen auf Basis fl\u00fcssiger Zweikomponentenmaterialien (Polyurethan, modifiziertes Polyurethan, Epoxidharz, Epoxidpolyurethan auf Polyharnstoffbasis) und eine thermische Isolierung aus Polyurethan in einer wasserdichten Schutzh\u00fclle.<\/p>\n<p>Die Produktion von Rohrleitungskomponenten ist gem\u00e4\u00df den Anforderungen der Norm 9001-2011 (ISO 9001: 2008) zertifiziert.<\/p>\n<p>Das zentrale Fabriklabor des Unternehmens ist mit High-Tech-Ausr\u00fcstung zur Durchf\u00fchrung verschiedener Arten von Pr\u00fcfungen und Kontrollen des Grundmetalls, Schwei\u00dfverbindungen, Korrosionsschutzbeschichtungen und thermischer Isolierung ausgestattet:<\/p>\n<p>&#8211; zerst\u00f6rungsfreie Pr\u00fcfung (visuelle Messung, eindringende Substanzen (Kapillare), Ultraschall, radiographisch und elektrisch, magnetisch);<\/p>\n<p>&#8211; zerst\u00f6rerische Kontrolle (mechanische statistische, mechanisch-dynamische, technologische und spezielle Pr\u00fcfungen, Messung der H\u00e4rte). Das Labor analysiert die chemische Zusammensetzung von Metallen und Legierungen mit einem tragbaren optischen Multibasic-Emissionsanalysator PMI-MASTER im Paket UVR OXFORD INSTRUMENTS ANALITYCAL.<\/p>\n<p>&nbsp;<\/p>\n<table width=\"100%\">\n<tbody>\n<tr>\n<td width=\"19%\"><strong>Teilname <\/strong><\/td>\n<td width=\"18%\"><strong>Durchmesser mm <\/strong><\/td>\n<td width=\"14%\"><strong>L\u00e4nge mm <\/strong><\/td>\n<td width=\"17%\"><strong>Breite mm <\/strong><\/td>\n<td width=\"15%\"><strong>H\u00f6he mm <\/strong><\/td>\n<td width=\"14%\"><strong>Gewicht kg<\/strong><\/td>\n<\/tr>\n<tr>\n<td width=\"19%\">Gebogener Hahn<\/td>\n<td width=\"18%\">76<\/td>\n<td width=\"14%\">1467<\/td>\n<td width=\"17%\">627<\/td>\n<td width=\"15%\">76<\/td>\n<td width=\"14%\">30<\/td>\n<\/tr>\n<tr>\n<td width=\"19%\"><\/td>\n<td width=\"18%\">325<\/td>\n<td width=\"14%\">3270<\/td>\n<td width=\"17%\">1176<\/td>\n<td width=\"15%\">325<\/td>\n<td width=\"14%\">1020<\/td>\n<\/tr>\n<tr>\n<td width=\"19%\"><\/td>\n<td width=\"18%\">530<\/td>\n<td width=\"14%\">4830<\/td>\n<td width=\"17%\">1444<\/td>\n<td width=\"15%\">530<\/td>\n<td width=\"14%\">2456<\/td>\n<\/tr>\n<tr>\n<td width=\"19%\">OKSH<\/td>\n<td width=\"18%\">108<\/td>\n<td width=\"14%\">288<\/td>\n<td width=\"17%\">136<\/td>\n<td width=\"15%\">108<\/td>\n<td width=\"14%\">2,5<\/td>\n<\/tr>\n<tr>\n<td width=\"19%\"><\/td>\n<td width=\"18%\">325<\/td>\n<td width=\"14%\">866<\/td>\n<td width=\"17%\">409<\/td>\n<td width=\"15%\">325<\/td>\n<td width=\"14%\">150<\/td>\n<\/tr>\n<tr>\n<td width=\"19%\"><\/td>\n<td width=\"18%\">530<\/td>\n<td width=\"14%\">1435<\/td>\n<td width=\"17%\">672<\/td>\n<td width=\"15%\">530<\/td>\n<td width=\"14%\">440<\/td>\n<\/tr>\n<tr>\n<td width=\"19%\">T-St\u00fcck<\/td>\n<td width=\"18%\">76<\/td>\n<td width=\"14%\">280<\/td>\n<td width=\"17%\">76<\/td>\n<td width=\"15%\">178<\/td>\n<td width=\"14%\">5,0<\/td>\n<\/tr>\n<tr>\n<td width=\"19%\"><\/td>\n<td width=\"18%\">325<\/td>\n<td width=\"14%\">440<\/td>\n<td width=\"17%\">325<\/td>\n<td width=\"15%\">365<\/td>\n<td width=\"14%\">114<\/td>\n<\/tr>\n<tr>\n<td width=\"19%\"><\/td>\n<td width=\"18%\">530<\/td>\n<td width=\"14%\">800<\/td>\n<td width=\"17%\">530<\/td>\n<td width=\"15%\">565<\/td>\n<td width=\"14%\">168<\/td>\n<\/tr>\n<\/tbody>\n<\/table>\n<p><em>\u00a0<\/em><\/p>\n<table width=\"633\">\n<tbody>\n<tr>\n<td width=\"189\">Teilname<\/p>\n<p>&nbsp;<\/td>\n<td width=\"113\">Bezeichnung<\/td>\n<td width=\"208\">Skizze<\/p>\n<p>&nbsp;<\/td>\n<td width=\"123\">Zweck<\/td>\n<\/tr>\n<tr>\n<td width=\"189\">Geschmiedete Biegungen gestempelt, einschlie\u00dflich gemacht von hei\u00dfer Raspel am Horn<\/td>\n<td width=\"113\">\u041e\u041a\u0428<\/td>\n<td width=\"208\"><img loading=\"lazy\" class=\"alignnone wp-image-204\" src=\"http:\/\/balmet.cz\/wp-content\/uploads\/2019\/03\/\u0413\u0430\u043b\u0435\u0440\u044f-\u043e\u0442\u0432\u043e\u0434\u044b-\u043a\u0440\u0443\u0442\u043e\u0438\u0437\u043e\u0433\u043d\u0443\u0442\u044b\u0435-1-212x300.jpg\" alt=\"\" width=\"166\" height=\"235\" srcset=\"https:\/\/balmet.cz\/wp-content\/uploads\/2019\/03\/\u0413\u0430\u043b\u0435\u0440\u044f-\u043e\u0442\u0432\u043e\u0434\u044b-\u043a\u0440\u0443\u0442\u043e\u0438\u0437\u043e\u0433\u043d\u0443\u0442\u044b\u0435-1-212x300.jpg 212w, https:\/\/balmet.cz\/wp-content\/uploads\/2019\/03\/\u0413\u0430\u043b\u0435\u0440\u044f-\u043e\u0442\u0432\u043e\u0434\u044b-\u043a\u0440\u0443\u0442\u043e\u0438\u0437\u043e\u0433\u043d\u0443\u0442\u044b\u0435-1-768x1086.jpg 768w, https:\/\/balmet.cz\/wp-content\/uploads\/2019\/03\/\u0413\u0430\u043b\u0435\u0440\u044f-\u043e\u0442\u0432\u043e\u0434\u044b-\u043a\u0440\u0443\u0442\u043e\u0438\u0437\u043e\u0433\u043d\u0443\u0442\u044b\u0435-1-724x1024.jpg 724w, https:\/\/balmet.cz\/wp-content\/uploads\/2019\/03\/\u0413\u0430\u043b\u0435\u0440\u044f-\u043e\u0442\u0432\u043e\u0434\u044b-\u043a\u0440\u0443\u0442\u043e\u0438\u0437\u043e\u0433\u043d\u0443\u0442\u044b\u0435-1.jpg 1654w\" sizes=\"(max-width: 166px) 100vw, 166px\" \/><\/td>\n<td rowspan=\"2\" width=\"123\">Pipeline-Rotation<\/td>\n<\/tr>\n<tr>\n<td width=\"189\">Warmbiegungsh\u00e4hne, hergestellt durch Biegen mittels Induktionserw\u00e4rmung.<\/td>\n<td width=\"113\">\u041e\u0413<\/td>\n<td width=\"208\"><img loading=\"lazy\" class=\"alignnone size-medium wp-image-206\" src=\"http:\/\/balmet.cz\/wp-content\/uploads\/2019\/03\/\u0413\u0430\u043b\u0435\u0440\u044f-\u043e\u0442\u0432\u043e\u0434\u044b-1-300x212.jpg\" alt=\"\" width=\"300\" height=\"212\" srcset=\"https:\/\/balmet.cz\/wp-content\/uploads\/2019\/03\/\u0413\u0430\u043b\u0435\u0440\u044f-\u043e\u0442\u0432\u043e\u0434\u044b-1-300x212.jpg 300w, https:\/\/balmet.cz\/wp-content\/uploads\/2019\/03\/\u0413\u0430\u043b\u0435\u0440\u044f-\u043e\u0442\u0432\u043e\u0434\u044b-1-768x543.jpg 768w, https:\/\/balmet.cz\/wp-content\/uploads\/2019\/03\/\u0413\u0430\u043b\u0435\u0440\u044f-\u043e\u0442\u0432\u043e\u0434\u044b-1-1024x724.jpg 1024w\" sizes=\"(max-width: 300px) 100vw, 300px\" \/><\/td>\n<\/tr>\n<tr>\n<td width=\"189\">Gestanzte Tees aus nahtlosen oder elektrisch geschwei\u00dften Rohren<\/td>\n<td width=\"113\">\u0422\u0428<\/td>\n<td width=\"208\"><img loading=\"lazy\" class=\"alignnone wp-image-205\" src=\"http:\/\/balmet.cz\/wp-content\/uploads\/2019\/03\/\u0413\u0430\u043b\u0435\u0440\u044f-\u043e\u0442\u0432\u043e\u0434\u044b-\u0442\u0440\u043e\u0439\u043d\u0438\u043a\u0438-1-212x300.jpg\" alt=\"\" width=\"162\" height=\"229\" srcset=\"https:\/\/balmet.cz\/wp-content\/uploads\/2019\/03\/\u0413\u0430\u043b\u0435\u0440\u044f-\u043e\u0442\u0432\u043e\u0434\u044b-\u0442\u0440\u043e\u0439\u043d\u0438\u043a\u0438-1-212x300.jpg 212w, https:\/\/balmet.cz\/wp-content\/uploads\/2019\/03\/\u0413\u0430\u043b\u0435\u0440\u044f-\u043e\u0442\u0432\u043e\u0434\u044b-\u0442\u0440\u043e\u0439\u043d\u0438\u043a\u0438-1-768x1086.jpg 768w, https:\/\/balmet.cz\/wp-content\/uploads\/2019\/03\/\u0413\u0430\u043b\u0435\u0440\u044f-\u043e\u0442\u0432\u043e\u0434\u044b-\u0442\u0440\u043e\u0439\u043d\u0438\u043a\u0438-1-724x1024.jpg 724w, https:\/\/balmet.cz\/wp-content\/uploads\/2019\/03\/\u0413\u0430\u043b\u0435\u0440\u044f-\u043e\u0442\u0432\u043e\u0434\u044b-\u0442\u0440\u043e\u0439\u043d\u0438\u043a\u0438-1.jpg 1654w\" sizes=\"(max-width: 162px) 100vw, 162px\" \/><\/td>\n<td width=\"123\">Pipeline-Zweig<\/td>\n<\/tr>\n<\/tbody>\n<\/table>\n<p>&nbsp;<\/p>\n<p>Wir sind bereit, jegliche Produktionsbedingungen gem\u00e4\u00df den W\u00fcnschen und Anforderungen des Kunden zu besprechen.<\/p>\n<p>Wenn Sie Produkte gem\u00e4\u00df den Spezifikationen bestellen, m\u00fcssen Sie Folgendes angeben:<\/p>\n<ul>\n<li>Durchmesser;<\/li>\n<li>Kantendicke (des zu befestigenden Rohrs);<\/li>\n<li>Arbeitsdruck;<\/li>\n<li>Arbeitsbedingungen (0,6 oder 0,75);<\/li>\n<li>klimatische Modifikation;<\/li>\n<li>Arbeitsumgebung.<\/li>\n<\/ul>\n<p>&nbsp;<\/p>\n<p><strong>2.D<\/strong><strong>ienstleistungen in der Logistik, Lieferung und Transport von Ausr\u00fcstung.<\/strong><\/p>\n<p>Unser Unternehmen hat langj\u00e4hrige Partnerschaften mit Logistik- und Transportunternehmen in Europa und den GUS-Staaten.<\/p>\n<p>Unser Unternehmen kann die Lieferung von Ausr\u00fcstung mit jeder Transportart arrangieren:<\/p>\n<p><strong>&#8211; auf der Stra\u00dfe<\/strong><\/p>\n<p><img loading=\"lazy\" class=\"alignnone wp-image-225\" src=\"http:\/\/balmet.cz\/wp-content\/uploads\/2019\/03\/\u0410\u0432\u0442\u043e-1-300x212.jpg\" alt=\"\" width=\"631\" height=\"446\" srcset=\"https:\/\/balmet.cz\/wp-content\/uploads\/2019\/03\/\u0410\u0432\u0442\u043e-1-300x212.jpg 300w, https:\/\/balmet.cz\/wp-content\/uploads\/2019\/03\/\u0410\u0432\u0442\u043e-1-768x543.jpg 768w, https:\/\/balmet.cz\/wp-content\/uploads\/2019\/03\/\u0410\u0432\u0442\u043e-1-1024x724.jpg 1024w\" sizes=\"(max-width: 631px) 100vw, 631px\" \/><\/p>\n<p>F\u00fcr den Transport verwendet unser Unternehmen speziell entwickelte LKWs sowie unser Partnernetzwerk in ganz Europa.<\/p>\n<p><strong>&#8211; Luftverkehr<\/strong><\/p>\n<p><img loading=\"lazy\" class=\"alignnone wp-image-226\" src=\"http:\/\/balmet.cz\/wp-content\/uploads\/2019\/03\/aircraft-994943__340-300x165.jpg\" alt=\"\" width=\"622\" height=\"342\" srcset=\"https:\/\/balmet.cz\/wp-content\/uploads\/2019\/03\/aircraft-994943__340-300x165.jpg 300w, https:\/\/balmet.cz\/wp-content\/uploads\/2019\/03\/aircraft-994943__340.jpg 618w\" sizes=\"(max-width: 622px) 100vw, 622px\" \/><\/p>\n<p>Flugreisen werden gemeinsam mit unseren Partnern in Zusammenarbeit mit den meisten gro\u00dfen Fluggesellschaften der Welt durchgef\u00fchrt.<\/p>\n<p><strong>&#8211; mit der Bahn<\/strong><\/p>\n<p><img loading=\"lazy\" class=\"alignnone wp-image-227\" src=\"http:\/\/balmet.cz\/wp-content\/uploads\/2019\/03\/train-797072__340-300x200.jpg\" alt=\"\" width=\"621\" height=\"414\" srcset=\"https:\/\/balmet.cz\/wp-content\/uploads\/2019\/03\/train-797072__340-300x200.jpg 300w, https:\/\/balmet.cz\/wp-content\/uploads\/2019\/03\/train-797072__340.jpg 510w\" sizes=\"(max-width: 621px) 100vw, 621px\" \/><\/p>\n<p>Unser Unternehmen bietet umfassende Dienstleistungen f\u00fcr die Organisation der Spedition auf der Schiene an. Die Organisation des Schienenverkehrs in Europa und den GUS-Staaten.<\/p>\n<p>&#8211; gewerbliches Leasing von Eisenbahnwaggons und Eisenbahncontainern<\/p>\n<p>&#8211; Ladevorg\u00e4nge an Bahnh\u00f6fen und H\u00e4fen<\/p>\n<p><strong>&#8211; Seetransport<\/strong><\/p>\n<p><img loading=\"lazy\" class=\"alignnone wp-image-228\" src=\"http:\/\/balmet.cz\/wp-content\/uploads\/2019\/03\/6151252-tugboat-pulling-a-cargoship-300x199.jpg\" alt=\"\" width=\"621\" height=\"412\" srcset=\"https:\/\/balmet.cz\/wp-content\/uploads\/2019\/03\/6151252-tugboat-pulling-a-cargoship-300x199.jpg 300w, https:\/\/balmet.cz\/wp-content\/uploads\/2019\/03\/6151252-tugboat-pulling-a-cargoship.jpg 385w\" sizes=\"(max-width: 621px) 100vw, 621px\" \/><\/p>\n<p>FCL-Transporte (voll beladener Container) und LCL-Transporte (Containertransporte von Kleinsendungen) werden in Zusammenarbeit mit gro\u00dfen Speditionen durchgef\u00fchrt, um unseren Kunden schnelle und rentable Transportdienstleistungen anzubieten.<\/p>\n<p>F\u00fcr den Transport werden verwendet:<\/p>\n<p>&#8211; Standard 20- und 40-Fu\u00df-Container;<\/p>\n<p>&#8211; 40- und 45-Fu\u00df-Container mit hoher Kapazit\u00e4t;<\/p>\n<p>&#8211; 20- und 40-Fu\u00df-Open-Top-Container und klappbare Containerplattformen.<\/p>\n<p>&nbsp;<\/p>\n<p><strong>3.Dienstleistungen f\u00fcr den Transport von Spezialg\u00fctern<\/strong><\/p>\n<p>Unser Unternehmen kann Sonderkonditionen f\u00fcr den Transport von Spezialladungen auf dem Seeweg, auf der Stra\u00dfe und auf der Schiene von Europa in die GUS-Staaten und nach Russland arrangieren.<\/p>\n<p>Besondere Lasten:<\/p>\n<p>&#8211; schwere Lasten;<\/p>\n<p>&#8211; Lasten gro\u00dfer Gr\u00f6\u00dfen;<\/p>\n<p>&#8211; Transport von Fl\u00fcssiggas (LPG).<\/p>\n<p><img loading=\"lazy\" class=\" wp-image-229\" src=\"http:\/\/balmet.cz\/wp-content\/uploads\/2019\/03\/Special-machine-300x225.jpg\" alt=\"\" width=\"625\" height=\"469\" srcset=\"https:\/\/balmet.cz\/wp-content\/uploads\/2019\/03\/Special-machine-300x225.jpg 300w, https:\/\/balmet.cz\/wp-content\/uploads\/2019\/03\/Special-machine-768x576.jpg 768w, https:\/\/balmet.cz\/wp-content\/uploads\/2019\/03\/Special-machine-1024x768.jpg 1024w\" sizes=\"(max-width: 625px) 100vw, 625px\" \/><\/p>\n<p>&nbsp;<\/p>\n<p><strong>4.Zollabfertigung<\/strong><\/p>\n<p>Unser Unternehmen unterh\u00e4lt langj\u00e4hrige Partnerschaften mit Zollagenten und Unternehmen in Europa und den GUS-Staaten.<\/p>\n<p>Unser Unternehmen kann unseren Kunden die sichere Lagerung verschiedener Waren in offenen und geschlossenen Lagern, in Zwischenlagern in Europa sowie in den GUS-L\u00e4ndern anbieten.<\/p>\n<p>Unser Unternehmen bietet umfassende Dienstleistungen f\u00fcr die Lieferung und Abfertigung von Waren in den GUS-L\u00e4ndern an. Zu den von uns angebotenen Dienstleistungen geh\u00f6ren:<\/p>\n<p>&#8211; Zollagenten;<\/p>\n<p>&#8211; Vorbereitung der Zolldokumentation;<\/p>\n<p>&#8211; Organisation des Frachtumschlags in H\u00e4fen, Eisenbahnterminals und in Zolllagern;<\/p>\n<p>&#8211; Inspektion und Qualit\u00e4tskontrolle der Ladung vor dem Verladen in Container;<\/p>\n<p>&#8211; Frachtversicherung<\/p>\n","protected":false},"excerpt":{"rendered":"<p>\u00a0 \u00a0 \u00a0 \u00a0 \u00a0 \u00a0 \u00a0 \u00a0 \u00a0 \u00a0 \u00a0 DIENSTLEISTUNGEN Unser Unternehmen Balmet Trade s.r.o. kann seinen Kunden die folgenden Arten von Dienstleistungen anbieten: 1.Dienstleistungen zur Herstellung von Verbindungselementen f\u00fcr Rohrleitungen. Unser Unternehmen hat eine lange Partnerschaft mit Herstellern von Rohrleitungskomponenten. Auf der Grundlage Ihrer Bestellungen k\u00f6nnen in den Unternehmen unserer Partner die [&hellip;]<\/p>\n","protected":false},"author":1,"featured_media":0,"parent":0,"menu_order":0,"comment_status":"closed","ping_status":"closed","template":"","meta":{"spay_email":""},"yoast_head":"<!-- This site is optimized with the Yoast SEO plugin v14.9 - https:\/\/yoast.com\/wordpress\/plugins\/seo\/ -->\n<title>Dienstleistungen - BALMET TRADE S.R.O.<\/title>\n<meta name=\"robots\" content=\"index, follow, max-snippet:-1, max-image-preview:large, max-video-preview:-1\" \/>\n<link rel=\"canonical\" href=\"http:\/\/balmet.cz\/services\/\" \/>\n<meta property=\"og:locale\" content=\"de_DE\" \/>\n<meta property=\"og:type\" content=\"article\" \/>\n<meta property=\"og:title\" content=\"Dienstleistungen - BALMET TRADE S.R.O.\" \/>\n<meta property=\"og:url\" content=\"http:\/\/balmet.cz\/services\/\" \/>\n<meta property=\"og:site_name\" content=\"BALMET TRADE S.R.O.\" \/>\n<meta property=\"article:modified_time\" content=\"2019-03-15T21:35:29+00:00\" \/>\n<meta property=\"og:image\" content=\"http:\/\/balmet.cz\/wp-content\/uploads\/2019\/03\/Production-of-pipeline-components-300x212.jpg\" \/>\n<meta name=\"twitter:card\" content=\"summary_large_image\" \/>\n<script type=\"application\/ld+json\" class=\"yoast-schema-graph\">{\"@context\":\"https:\/\/schema.org\",\"@graph\":[{\"@type\":\"WebSite\",\"@id\":\"https:\/\/balmet.cz\/de\/#website\",\"url\":\"https:\/\/balmet.cz\/de\/\",\"name\":\"BALMET TRADE S.R.O.\",\"description\":\"Unsere Firma wurde gegr\\u00fcndet, um Ausr\\u00fcstung zu liefern.\",\"potentialAction\":[{\"@type\":\"SearchAction\",\"target\":\"https:\/\/balmet.cz\/de\/?s={search_term_string}\",\"query-input\":\"required name=search_term_string\"}],\"inLanguage\":\"de\"},{\"@type\":\"ImageObject\",\"@id\":\"http:\/\/balmet.cz\/services\/#primaryimage\",\"inLanguage\":\"de\",\"url\":\"http:\/\/balmet.cz\/wp-content\/uploads\/2019\/03\/Production-of-pipeline-components-300x212.jpg\"},{\"@type\":\"WebPage\",\"@id\":\"http:\/\/balmet.cz\/services\/#webpage\",\"url\":\"http:\/\/balmet.cz\/services\/\",\"name\":\"Dienstleistungen - BALMET TRADE S.R.O.\",\"isPartOf\":{\"@id\":\"https:\/\/balmet.cz\/de\/#website\"},\"primaryImageOfPage\":{\"@id\":\"http:\/\/balmet.cz\/services\/#primaryimage\"},\"datePublished\":\"2018-03-09T22:04:21+00:00\",\"dateModified\":\"2019-03-15T21:35:29+00:00\",\"inLanguage\":\"de\",\"potentialAction\":[{\"@type\":\"ReadAction\",\"target\":[\"http:\/\/balmet.cz\/services\/\"]}]}]}<\/script>\n<!-- \/ Yoast SEO plugin. -->","jetpack_sharing_enabled":true,"jetpack_shortlink":"https:\/\/wp.me\/P9Jwby-b","_links":{"self":[{"href":"https:\/\/balmet.cz\/de\/wp-json\/wp\/v2\/pages\/11"}],"collection":[{"href":"https:\/\/balmet.cz\/de\/wp-json\/wp\/v2\/pages"}],"about":[{"href":"https:\/\/balmet.cz\/de\/wp-json\/wp\/v2\/types\/page"}],"author":[{"embeddable":true,"href":"https:\/\/balmet.cz\/de\/wp-json\/wp\/v2\/users\/1"}],"replies":[{"embeddable":true,"href":"https:\/\/balmet.cz\/de\/wp-json\/wp\/v2\/comments?post=11"}],"version-history":[{"count":15,"href":"https:\/\/balmet.cz\/de\/wp-json\/wp\/v2\/pages\/11\/revisions"}],"predecessor-version":[{"id":260,"href":"https:\/\/balmet.cz\/de\/wp-json\/wp\/v2\/pages\/11\/revisions\/260"}],"wp:attachment":[{"href":"https:\/\/balmet.cz\/de\/wp-json\/wp\/v2\/media?parent=11"}],"curies":[{"name":"wp","href":"https:\/\/api.w.org\/{rel}","templated":true}]}}