{"id":12,"date":"2018-03-09T22:04:21","date_gmt":"2018-03-09T22:04:21","guid":{"rendered":"http:\/\/balmet.cz\/?page_id=12"},"modified":"2019-03-15T23:37:18","modified_gmt":"2019-03-15T21:37:18","slug":"gallery","status":"publish","type":"page","link":"https:\/\/balmet.cz\/de\/gallery\/","title":{"rendered":"Galerie"},"content":{"rendered":"<p><strong>Galerie der Lieferungen von Metall und Ausr\u00fcstungen an unsere Kunden.<\/strong><\/p>\n<p><strong>1. Lieferung der Induktionsbiegemaschine Modell 530 * 30.<\/strong><\/p>\n<p><img loading=\"lazy\" class=\"alignnone wp-image-193\" src=\"http:\/\/balmet.cz\/wp-content\/uploads\/2019\/03\/01-530-Machine-1-212x300.jpg\" alt=\"\" width=\"632\" height=\"894\" srcset=\"https:\/\/balmet.cz\/wp-content\/uploads\/2019\/03\/01-530-Machine-1-212x300.jpg 212w, https:\/\/balmet.cz\/wp-content\/uploads\/2019\/03\/01-530-Machine-1-768x1086.jpg 768w, https:\/\/balmet.cz\/wp-content\/uploads\/2019\/03\/01-530-Machine-1-724x1024.jpg 724w, https:\/\/balmet.cz\/wp-content\/uploads\/2019\/03\/01-530-Machine-1.jpg 1654w\" sizes=\"(max-width: 632px) 100vw, 632px\" \/><\/p>\n<p><img loading=\"lazy\" class=\"alignnone wp-image-194\" src=\"http:\/\/balmet.cz\/wp-content\/uploads\/2019\/03\/01-530-Machine-2-212x300.jpg\" alt=\"\" width=\"626\" height=\"886\" srcset=\"https:\/\/balmet.cz\/wp-content\/uploads\/2019\/03\/01-530-Machine-2-212x300.jpg 212w, https:\/\/balmet.cz\/wp-content\/uploads\/2019\/03\/01-530-Machine-2-768x1086.jpg 768w, https:\/\/balmet.cz\/wp-content\/uploads\/2019\/03\/01-530-Machine-2-724x1024.jpg 724w, https:\/\/balmet.cz\/wp-content\/uploads\/2019\/03\/01-530-Machine-2.jpg 1654w\" sizes=\"(max-width: 626px) 100vw, 626px\" \/><\/p>\n<p><img loading=\"lazy\" class=\"alignnone wp-image-195\" src=\"http:\/\/balmet.cz\/wp-content\/uploads\/2019\/03\/01-530-Machine-3-212x300.jpg\" alt=\"\" width=\"647\" height=\"916\" srcset=\"https:\/\/balmet.cz\/wp-content\/uploads\/2019\/03\/01-530-Machine-3-212x300.jpg 212w, https:\/\/balmet.cz\/wp-content\/uploads\/2019\/03\/01-530-Machine-3-768x1086.jpg 768w, https:\/\/balmet.cz\/wp-content\/uploads\/2019\/03\/01-530-Machine-3-724x1024.jpg 724w, https:\/\/balmet.cz\/wp-content\/uploads\/2019\/03\/01-530-Machine-3.jpg 1654w\" sizes=\"(max-width: 647px) 100vw, 647px\" \/><\/p>\n<p><strong>2. Lieferung von Metallbearbeitungsger\u00e4ten.<\/strong><\/p>\n<p><img loading=\"lazy\" class=\"alignnone wp-image-196\" src=\"http:\/\/balmet.cz\/wp-content\/uploads\/2019\/03\/02-\u041a\u0443\u0437\u043d\u0435\u0447\u043d\u043e\u043f\u0440\u0435\u0441\u0441\u043e\u0432\u043e\u0435-\u043e\u0431\u043e\u0440\u0443\u0434\u043e\u0432\u0430\u043d\u0438\u0435-1-212x300.jpg\" alt=\"\" width=\"650\" height=\"920\" srcset=\"https:\/\/balmet.cz\/wp-content\/uploads\/2019\/03\/02-\u041a\u0443\u0437\u043d\u0435\u0447\u043d\u043e\u043f\u0440\u0435\u0441\u0441\u043e\u0432\u043e\u0435-\u043e\u0431\u043e\u0440\u0443\u0434\u043e\u0432\u0430\u043d\u0438\u0435-1-212x300.jpg 212w, https:\/\/balmet.cz\/wp-content\/uploads\/2019\/03\/02-\u041a\u0443\u0437\u043d\u0435\u0447\u043d\u043e\u043f\u0440\u0435\u0441\u0441\u043e\u0432\u043e\u0435-\u043e\u0431\u043e\u0440\u0443\u0434\u043e\u0432\u0430\u043d\u0438\u0435-1-768x1086.jpg 768w, https:\/\/balmet.cz\/wp-content\/uploads\/2019\/03\/02-\u041a\u0443\u0437\u043d\u0435\u0447\u043d\u043e\u043f\u0440\u0435\u0441\u0441\u043e\u0432\u043e\u0435-\u043e\u0431\u043e\u0440\u0443\u0434\u043e\u0432\u0430\u043d\u0438\u0435-1-724x1024.jpg 724w, https:\/\/balmet.cz\/wp-content\/uploads\/2019\/03\/02-\u041a\u0443\u0437\u043d\u0435\u0447\u043d\u043e\u043f\u0440\u0435\u0441\u0441\u043e\u0432\u043e\u0435-\u043e\u0431\u043e\u0440\u0443\u0434\u043e\u0432\u0430\u043d\u0438\u0435-1.jpg 1654w\" sizes=\"(max-width: 650px) 100vw, 650px\" \/><\/p>\n<p><strong>3. Lieferung von Rohrleitungselementen.<\/strong><\/p>\n<p><img loading=\"lazy\" class=\"alignnone wp-image-197\" src=\"http:\/\/balmet.cz\/wp-content\/uploads\/2019\/03\/03-\u0417\u0430\u0434\u0432\u0438\u0436\u043a\u0438-1-212x300.jpg\" alt=\"\" width=\"644\" height=\"911\" srcset=\"https:\/\/balmet.cz\/wp-content\/uploads\/2019\/03\/03-\u0417\u0430\u0434\u0432\u0438\u0436\u043a\u0438-1-212x300.jpg 212w, https:\/\/balmet.cz\/wp-content\/uploads\/2019\/03\/03-\u0417\u0430\u0434\u0432\u0438\u0436\u043a\u0438-1-768x1086.jpg 768w, https:\/\/balmet.cz\/wp-content\/uploads\/2019\/03\/03-\u0417\u0430\u0434\u0432\u0438\u0436\u043a\u0438-1-724x1024.jpg 724w, https:\/\/balmet.cz\/wp-content\/uploads\/2019\/03\/03-\u0417\u0430\u0434\u0432\u0438\u0436\u043a\u0438-1.jpg 1654w\" sizes=\"(max-width: 644px) 100vw, 644px\" \/><\/p>\n<p><strong>4. Lieferung von Ausr\u00fcstungen f\u00fcr die metallurgische Industrie und das Schmelzen von Metallen.<\/strong><\/p>\n<p><img loading=\"lazy\" class=\"alignnone wp-image-198\" src=\"http:\/\/balmet.cz\/wp-content\/uploads\/2019\/03\/04-\u041f\u043b\u0430\u0432\u043a\u0430-1-212x300.jpg\" alt=\"\" width=\"634\" height=\"898\" srcset=\"https:\/\/balmet.cz\/wp-content\/uploads\/2019\/03\/04-\u041f\u043b\u0430\u0432\u043a\u0430-1-212x300.jpg 212w, https:\/\/balmet.cz\/wp-content\/uploads\/2019\/03\/04-\u041f\u043b\u0430\u0432\u043a\u0430-1-768x1086.jpg 768w, https:\/\/balmet.cz\/wp-content\/uploads\/2019\/03\/04-\u041f\u043b\u0430\u0432\u043a\u0430-1-724x1024.jpg 724w, https:\/\/balmet.cz\/wp-content\/uploads\/2019\/03\/04-\u041f\u043b\u0430\u0432\u043a\u0430-1.jpg 1654w\" sizes=\"(max-width: 634px) 100vw, 634px\" \/><\/p>\n<p><img loading=\"lazy\" class=\"alignnone wp-image-199\" src=\"http:\/\/balmet.cz\/wp-content\/uploads\/2019\/03\/04-\u041f\u043b\u0430\u0432\u043a\u0430-2-212x300.jpg\" alt=\"\" width=\"634\" height=\"898\" srcset=\"https:\/\/balmet.cz\/wp-content\/uploads\/2019\/03\/04-\u041f\u043b\u0430\u0432\u043a\u0430-2-212x300.jpg 212w, https:\/\/balmet.cz\/wp-content\/uploads\/2019\/03\/04-\u041f\u043b\u0430\u0432\u043a\u0430-2-768x1086.jpg 768w, https:\/\/balmet.cz\/wp-content\/uploads\/2019\/03\/04-\u041f\u043b\u0430\u0432\u043a\u0430-2-724x1024.jpg 724w, https:\/\/balmet.cz\/wp-content\/uploads\/2019\/03\/04-\u041f\u043b\u0430\u0432\u043a\u0430-2.jpg 1654w\" sizes=\"(max-width: 634px) 100vw, 634px\" \/><\/p>\n<p><strong>5. Lieferung von Metallen und Legierungen.<\/strong><\/p>\n<p><img loading=\"lazy\" class=\"alignnone wp-image-201\" src=\"http:\/\/balmet.cz\/wp-content\/uploads\/2019\/03\/08-\u041c\u0435\u0442\u0430\u043b\u043b-1-212x300.jpg\" alt=\"\" width=\"634\" height=\"897\" srcset=\"https:\/\/balmet.cz\/wp-content\/uploads\/2019\/03\/08-\u041c\u0435\u0442\u0430\u043b\u043b-1-212x300.jpg 212w, https:\/\/balmet.cz\/wp-content\/uploads\/2019\/03\/08-\u041c\u0435\u0442\u0430\u043b\u043b-1-768x1086.jpg 768w, https:\/\/balmet.cz\/wp-content\/uploads\/2019\/03\/08-\u041c\u0435\u0442\u0430\u043b\u043b-1-724x1024.jpg 724w, https:\/\/balmet.cz\/wp-content\/uploads\/2019\/03\/08-\u041c\u0435\u0442\u0430\u043b\u043b-1.jpg 1654w\" sizes=\"(max-width: 634px) 100vw, 634px\" \/><\/p>\n<p><img loading=\"lazy\" class=\"alignnone wp-image-202\" src=\"http:\/\/balmet.cz\/wp-content\/uploads\/2019\/03\/08-\u041c\u0435\u0442\u0430\u043b\u043b-2-212x300.jpg\" alt=\"\" width=\"639\" height=\"904\" srcset=\"https:\/\/balmet.cz\/wp-content\/uploads\/2019\/03\/08-\u041c\u0435\u0442\u0430\u043b\u043b-2-212x300.jpg 212w, https:\/\/balmet.cz\/wp-content\/uploads\/2019\/03\/08-\u041c\u0435\u0442\u0430\u043b\u043b-2-768x1086.jpg 768w, https:\/\/balmet.cz\/wp-content\/uploads\/2019\/03\/08-\u041c\u0435\u0442\u0430\u043b\u043b-2-724x1024.jpg 724w, https:\/\/balmet.cz\/wp-content\/uploads\/2019\/03\/08-\u041c\u0435\u0442\u0430\u043b\u043b-2.jpg 1654w\" sizes=\"(max-width: 639px) 100vw, 639px\" \/><\/p>\n<p><img loading=\"lazy\" class=\"alignnone wp-image-203\" src=\"http:\/\/balmet.cz\/wp-content\/uploads\/2019\/03\/08-\u041c\u0435\u0442\u0430\u043b\u043b-3-212x300.jpg\" alt=\"\" width=\"646\" height=\"914\" srcset=\"https:\/\/balmet.cz\/wp-content\/uploads\/2019\/03\/08-\u041c\u0435\u0442\u0430\u043b\u043b-3-212x300.jpg 212w, https:\/\/balmet.cz\/wp-content\/uploads\/2019\/03\/08-\u041c\u0435\u0442\u0430\u043b\u043b-3-768x1086.jpg 768w, https:\/\/balmet.cz\/wp-content\/uploads\/2019\/03\/08-\u041c\u0435\u0442\u0430\u043b\u043b-3-724x1024.jpg 724w, https:\/\/balmet.cz\/wp-content\/uploads\/2019\/03\/08-\u041c\u0435\u0442\u0430\u043b\u043b-3.jpg 1654w\" sizes=\"(max-width: 646px) 100vw, 646px\" \/><\/p>\n<p><strong>6. Lieferung von Industrieanlagen.<\/strong><\/p>\n<p><img loading=\"lazy\" class=\"alignnone wp-image-200\" src=\"http:\/\/balmet.cz\/wp-content\/uploads\/2019\/03\/06-\u041b\u0430\u0437\u0435\u0440-\u0438-\u0434\u0440\u0443\u0433\u0438\u0435-1-212x300.jpg\" alt=\"\" width=\"636\" height=\"900\" srcset=\"https:\/\/balmet.cz\/wp-content\/uploads\/2019\/03\/06-\u041b\u0430\u0437\u0435\u0440-\u0438-\u0434\u0440\u0443\u0433\u0438\u0435-1-212x300.jpg 212w, https:\/\/balmet.cz\/wp-content\/uploads\/2019\/03\/06-\u041b\u0430\u0437\u0435\u0440-\u0438-\u0434\u0440\u0443\u0433\u0438\u0435-1-768x1086.jpg 768w, https:\/\/balmet.cz\/wp-content\/uploads\/2019\/03\/06-\u041b\u0430\u0437\u0435\u0440-\u0438-\u0434\u0440\u0443\u0433\u0438\u0435-1-724x1024.jpg 724w, https:\/\/balmet.cz\/wp-content\/uploads\/2019\/03\/06-\u041b\u0430\u0437\u0435\u0440-\u0438-\u0434\u0440\u0443\u0433\u0438\u0435-1.jpg 1654w\" sizes=\"(max-width: 636px) 100vw, 636px\" \/><\/p>\n","protected":false},"excerpt":{"rendered":"<p>Galerie der Lieferungen von Metall und Ausr\u00fcstungen an unsere Kunden. 1. Lieferung der Induktionsbiegemaschine Modell 530 * 30. 2. Lieferung von Metallbearbeitungsger\u00e4ten. 3. Lieferung von Rohrleitungselementen. 4. Lieferung von Ausr\u00fcstungen f\u00fcr die metallurgische Industrie und das Schmelzen von Metallen. 5. Lieferung von Metallen und Legierungen. 6. Lieferung von Industrieanlagen.<\/p>\n","protected":false},"author":1,"featured_media":0,"parent":0,"menu_order":0,"comment_status":"closed","ping_status":"closed","template":"","meta":{"spay_email":""},"yoast_head":"<!-- This site is optimized with the Yoast SEO plugin v14.9 - https:\/\/yoast.com\/wordpress\/plugins\/seo\/ -->\n<title>Galerie - BALMET TRADE S.R.O.<\/title>\n<meta name=\"robots\" content=\"index, follow, max-snippet:-1, max-image-preview:large, max-video-preview:-1\" \/>\n<link rel=\"canonical\" href=\"http:\/\/balmet.cz\/gallery\/\" \/>\n<meta property=\"og:locale\" content=\"de_DE\" \/>\n<meta property=\"og:type\" content=\"article\" \/>\n<meta property=\"og:title\" content=\"Galerie - BALMET TRADE S.R.O.\" \/>\n<meta property=\"og:url\" content=\"http:\/\/balmet.cz\/gallery\/\" \/>\n<meta property=\"og:site_name\" content=\"BALMET TRADE S.R.O.\" \/>\n<meta property=\"article:modified_time\" content=\"2019-03-15T21:37:18+00:00\" \/>\n<meta property=\"og:image\" content=\"http:\/\/balmet.cz\/wp-content\/uploads\/2019\/03\/01-530-Machine-1-212x300.jpg\" \/>\n<meta name=\"twitter:card\" content=\"summary_large_image\" \/>\n<script type=\"application\/ld+json\" class=\"yoast-schema-graph\">{\"@context\":\"https:\/\/schema.org\",\"@graph\":[{\"@type\":\"WebSite\",\"@id\":\"https:\/\/balmet.cz\/de\/#website\",\"url\":\"https:\/\/balmet.cz\/de\/\",\"name\":\"BALMET TRADE S.R.O.\",\"description\":\"Unsere Firma wurde gegr\\u00fcndet, um Ausr\\u00fcstung zu liefern.\",\"potentialAction\":[{\"@type\":\"SearchAction\",\"target\":\"https:\/\/balmet.cz\/de\/?s={search_term_string}\",\"query-input\":\"required name=search_term_string\"}],\"inLanguage\":\"de\"},{\"@type\":\"ImageObject\",\"@id\":\"http:\/\/balmet.cz\/gallery\/#primaryimage\",\"inLanguage\":\"de\",\"url\":\"http:\/\/balmet.cz\/wp-content\/uploads\/2019\/03\/01-530-Machine-1-212x300.jpg\"},{\"@type\":\"WebPage\",\"@id\":\"http:\/\/balmet.cz\/gallery\/#webpage\",\"url\":\"http:\/\/balmet.cz\/gallery\/\",\"name\":\"Galerie - BALMET TRADE S.R.O.\",\"isPartOf\":{\"@id\":\"https:\/\/balmet.cz\/de\/#website\"},\"primaryImageOfPage\":{\"@id\":\"http:\/\/balmet.cz\/gallery\/#primaryimage\"},\"datePublished\":\"2018-03-09T22:04:21+00:00\",\"dateModified\":\"2019-03-15T21:37:18+00:00\",\"inLanguage\":\"de\",\"potentialAction\":[{\"@type\":\"ReadAction\",\"target\":[\"http:\/\/balmet.cz\/gallery\/\"]}]}]}<\/script>\n<!-- \/ Yoast SEO plugin. -->","jetpack_sharing_enabled":true,"jetpack_shortlink":"https:\/\/wp.me\/P9Jwby-c","_links":{"self":[{"href":"https:\/\/balmet.cz\/de\/wp-json\/wp\/v2\/pages\/12"}],"collection":[{"href":"https:\/\/balmet.cz\/de\/wp-json\/wp\/v2\/pages"}],"about":[{"href":"https:\/\/balmet.cz\/de\/wp-json\/wp\/v2\/types\/page"}],"author":[{"embeddable":true,"href":"https:\/\/balmet.cz\/de\/wp-json\/wp\/v2\/users\/1"}],"replies":[{"embeddable":true,"href":"https:\/\/balmet.cz\/de\/wp-json\/wp\/v2\/comments?post=12"}],"version-history":[{"count":13,"href":"https:\/\/balmet.cz\/de\/wp-json\/wp\/v2\/pages\/12\/revisions"}],"predecessor-version":[{"id":271,"href":"https:\/\/balmet.cz\/de\/wp-json\/wp\/v2\/pages\/12\/revisions\/271"}],"wp:attachment":[{"href":"https:\/\/balmet.cz\/de\/wp-json\/wp\/v2\/media?parent=12"}],"curies":[{"name":"wp","href":"https:\/\/api.w.org\/{rel}","templated":true}]}}