{"id":14,"date":"2018-03-09T22:04:21","date_gmt":"2018-03-09T22:04:21","guid":{"rendered":"http:\/\/balmet.cz\/?page_id=14"},"modified":"2019-03-15T23:32:57","modified_gmt":"2019-03-15T21:32:57","slug":"equipment","status":"publish","type":"page","link":"https:\/\/balmet.cz\/de\/equipment\/","title":{"rendered":"Ausr\u00fcstung"},"content":{"rendered":"<p>AUSR\u00dcSTUNG<\/p>\n<p>Unser Unternehmen BalMet Trade s.r.o. liefert zusammen mit Partnern Anlagen und Komponenten f\u00fcr die \u00d6l- und Gasindustrie sowie die petrochemische Industrie der GUS-Staaten.<\/p>\n<p>Auf der Grundlage von Kundenauftr\u00e4gen liefert unser Unternehmen: &#8211; Brunnenausr\u00fcstung f\u00fcr die Ausr\u00fcstung von Gas und \u00d6l f\u00f6rdernden Brunnen und ihre Konservierung;<\/p>\n<p>&#8211; Schmiede- und Pressausr\u00fcstung;<\/p>\n<p>&#8211; Metallbearbeitungsausr\u00fcstung und Herstellung von Rohrleitungselementen;<\/p>\n<p>&#8211; Ausr\u00fcstung f\u00fcr die metallurgische Industrie und das Schmelzen von Metallen;<\/p>\n<p>&#8211; W\u00e4rmeaustauschausr\u00fcstung;<\/p>\n<p>&#8211; kapazitive Ausr\u00fcstung;<\/p>\n<p>&#8211; Gastrocknungsanlagen;<\/p>\n<p>&#8211; und andere von unseren Kunden bestellte Ger\u00e4te.<\/p>\n<p>Unser Unternehmen lieferte folgende Ausr\u00fcstung an seine Kunden:<\/p>\n<p><strong>1.Schmieden Sie und dr\u00fccken Sie Ausr\u00fcstung;<\/strong><\/p>\n<p>&#8211; Biegemaschine mit variabler Geometrie FACCIN-Serie HAV-2045<\/p>\n<p><img loading=\"lazy\" class=\"alignnone wp-image-207\" src=\"http:\/\/balmet.cz\/wp-content\/uploads\/2019\/03\/Machine-Faccin-in-work-02-300x212.jpg\" alt=\"\" width=\"618\" height=\"437\" srcset=\"https:\/\/balmet.cz\/wp-content\/uploads\/2019\/03\/Machine-Faccin-in-work-02-300x212.jpg 300w, https:\/\/balmet.cz\/wp-content\/uploads\/2019\/03\/Machine-Faccin-in-work-02-768x543.jpg 768w, https:\/\/balmet.cz\/wp-content\/uploads\/2019\/03\/Machine-Faccin-in-work-02-1024x724.jpg 1024w\" sizes=\"(max-width: 618px) 100vw, 618px\" \/><\/p>\n<p><strong>2.Metallbearbeitungsausr\u00fcstung und Herstellung von Rohrleitungselementen;<\/strong><\/p>\n<p>&#8211; Induktionsbiegemaschine Modell 530 * 30 mm SPS<\/p>\n<p><img loading=\"lazy\" class=\"alignnone wp-image-208\" src=\"http:\/\/balmet.cz\/wp-content\/uploads\/2019\/03\/530-Machine-300x212.jpg\" alt=\"\" width=\"625\" height=\"442\" srcset=\"https:\/\/balmet.cz\/wp-content\/uploads\/2019\/03\/530-Machine-300x212.jpg 300w, https:\/\/balmet.cz\/wp-content\/uploads\/2019\/03\/530-Machine-768x543.jpg 768w, https:\/\/balmet.cz\/wp-content\/uploads\/2019\/03\/530-Machine-1024x724.jpg 1024w\" sizes=\"(max-width: 625px) 100vw, 625px\" \/><\/p>\n<p>Zweck der Maschine: Herstellung von gebogenen Teilen mit einem Biegeradius von 1,0 DN und 1,5 DN aus kohlenstoffhaltigen, legierten, rostfreien und hitzebest\u00e4ndigen Stahlsorten. Das Wesentliche beim Ziehen ist, dass das Werkst\u00fcck, die Rohre, auf den Dorn gesetzt, erhitzt und gedehnt werden. Gleichzeitig erfolgt der Prozess des Verteilens und Durchbiegens des Rohrs, dessen neutrale Achse mit der konvexen Formung des gedehnten Rohres zusammenf\u00e4llt. Beim R\u00e4umen als Heizquelle mit der Installation von Hochfrequenzstr\u00f6men (HDTV).<\/p>\n<p><img loading=\"lazy\" class=\"alignnone wp-image-209\" src=\"http:\/\/balmet.cz\/wp-content\/uploads\/2019\/03\/530-Machine-circuit-300x212.jpg\" alt=\"\" width=\"627\" height=\"443\" srcset=\"https:\/\/balmet.cz\/wp-content\/uploads\/2019\/03\/530-Machine-circuit-300x212.jpg 300w, https:\/\/balmet.cz\/wp-content\/uploads\/2019\/03\/530-Machine-circuit-768x543.jpg 768w, https:\/\/balmet.cz\/wp-content\/uploads\/2019\/03\/530-Machine-circuit-1024x724.jpg 1024w\" sizes=\"(max-width: 627px) 100vw, 627px\" \/><\/p>\n<p>&#8211; Maschine zum Schneiden von Metallen <strong>PEGAS 600 Camel<\/strong><\/p>\n<p><img loading=\"lazy\" class=\"alignnone wp-image-210\" src=\"http:\/\/balmet.cz\/wp-content\/uploads\/2019\/03\/Machine-Pegas-600-in-work-04-300x212.jpg\" alt=\"\" width=\"620\" height=\"438\" srcset=\"https:\/\/balmet.cz\/wp-content\/uploads\/2019\/03\/Machine-Pegas-600-in-work-04-300x212.jpg 300w, https:\/\/balmet.cz\/wp-content\/uploads\/2019\/03\/Machine-Pegas-600-in-work-04-768x543.jpg 768w, https:\/\/balmet.cz\/wp-content\/uploads\/2019\/03\/Machine-Pegas-600-in-work-04-1024x724.jpg 1024w\" sizes=\"(max-width: 620px) 100vw, 620px\" \/><\/p>\n<p>Kamelmaschine bezieht sich auf erstklassige Maschinen, die f\u00fcr das Hochleistungsschneiden fast aller Metalle des modernen Maschinenbaus ausgelegt sind. Es ist in der Lage, mit hoher Geschwindigkeit sowohl Vollstahl- und Schmiedeteile mit gro\u00dfem Durchmesser als auch Rohre und Profilrohlinge zu schneiden.<\/p>\n<p><strong>3.Ausr\u00fcstung f\u00fcr die metallurgische Industrie und das Schmelzen von Metallen;<\/strong><\/p>\n<p>&#8211; Drehrohrofen zum Schmelzen von Aluminiumabf\u00e4llen<strong> RNP<\/strong><\/p>\n<p><img loading=\"lazy\" class=\"alignnone wp-image-211\" src=\"http:\/\/balmet.cz\/wp-content\/uploads\/2019\/03\/Rotary-Inclined-Melting-Furnace-02-300x225.jpg\" alt=\"\" width=\"616\" height=\"462\" srcset=\"https:\/\/balmet.cz\/wp-content\/uploads\/2019\/03\/Rotary-Inclined-Melting-Furnace-02-300x225.jpg 300w, https:\/\/balmet.cz\/wp-content\/uploads\/2019\/03\/Rotary-Inclined-Melting-Furnace-02-768x576.jpg 768w, https:\/\/balmet.cz\/wp-content\/uploads\/2019\/03\/Rotary-Inclined-Melting-Furnace-02-1024x768.jpg 1024w\" sizes=\"(max-width: 616px) 100vw, 616px\" \/><\/p>\n<p>Moderner effizienter Ofen zum Schmelzen von Aluminiumabf\u00e4llen mit dem Schmelzsystem aller geeigneten Aluminiumsorten mit variablen Salzfaktoren.<\/p>\n<p>M\u00f6glichkeit zur Herstellung einer Auskleidung des Ofens zum Schmelzen anderer Metalle (Blei, Kupfer).<\/p>\n<p>Modulare Leistung von 2 bis 4 Tonnen.<\/p>\n<p>F\u00e4higkeit, bis zu 500 Tonnen Sperrm\u00fcll pro Monat zu schmelzen, wenn in 3 Schichten gearbeitet wird.<\/p>\n<p>Das Schmelzen erfolgt entweder entlang der horizontalen Achse f\u00fcr stark verschmutzten und d\u00fcnnwandigen Schrott, was einen fl\u00fcssigen Schlackenprozess erfordert, oder das Schmelzen wird mit einer um 8 Grad geneigten Achse f\u00fcr einen niedrigen Salzgehalt f\u00fcr die Verarbeitung trockener Schlacke durchgef\u00fchrt.<\/p>\n<p>Schnelles Laden der Schlacke durch automatische Lademaschine.<\/p>\n<p>Robuste horizontale Konstruktion und gro\u00dfe Kapazit\u00e4t der Ofenkammer zum Schmelzen von organisch kontaminierten Abf\u00e4llen mit einem organischen Gehalt von bis zu 8%.<\/p>\n<p>Auslassventil mit positiver Trennung von Schlacke und Metallform.<\/p>\n<p>&#8211; Lademaschine f\u00fcr den Ofen RNP<\/p>\n<p>Modernes Ladeger\u00e4t mit schnellem Ofenladesystem.<\/p>\n<p>Die Gesamtladezeit des Ofens betr\u00e4gt nicht mehr als 90 Sekunden.<\/p>\n<p>Minimale \u00d6ffnungszeit der Ofent\u00fcr, wodurch die Freisetzung organischer Stoffe begrenzt werden kann, insbesondere bei verunreinigtem Schrott.<\/p>\n<p>Die Kontrolle \u00fcber die Z\u00fcndung organischer Stoffe beginnt erst im Ofen, nachdem die T\u00fcr geschlossen wurde.<\/p>\n<p><img loading=\"lazy\" class=\"alignnone wp-image-212\" src=\"http:\/\/balmet.cz\/wp-content\/uploads\/2019\/03\/Rotary-Inclined-Melting-Furnace-03-1-300x212.jpg\" alt=\"\" width=\"621\" height=\"439\" srcset=\"https:\/\/balmet.cz\/wp-content\/uploads\/2019\/03\/Rotary-Inclined-Melting-Furnace-03-1-300x212.jpg 300w, https:\/\/balmet.cz\/wp-content\/uploads\/2019\/03\/Rotary-Inclined-Melting-Furnace-03-1-768x543.jpg 768w, https:\/\/balmet.cz\/wp-content\/uploads\/2019\/03\/Rotary-Inclined-Melting-Furnace-03-1-1024x724.jpg 1024w\" sizes=\"(max-width: 621px) 100vw, 621px\" \/><\/p>\n<p>Technische Parameter des RNP-Ofens<\/p>\n<p><strong>\u00a0<\/strong><\/p>\n<table>\n<tbody>\n<tr>\n<td width=\"35\"><strong>\u041d\u0440<\/strong><\/td>\n<td width=\"231\"><strong>Technische Parameter des Ofens<\/strong><\/td>\n<td width=\"87\"><strong>Z\u00e4hlen<\/strong><\/td>\n<td width=\"126\"><strong>Messungen<\/strong><\/td>\n<td width=\"187\"><strong>Hinweis<\/strong><\/td>\n<\/tr>\n<tr>\n<td width=\"35\"><strong>1<\/strong><\/td>\n<td width=\"231\">Ofenkapazit\u00e4t<\/td>\n<td width=\"87\">2 bis 4<\/td>\n<td width=\"126\">Tonnen \/ riechen<\/td>\n<td width=\"187\"><\/td>\n<\/tr>\n<tr>\n<td width=\"35\"><strong>2<\/strong><\/td>\n<td width=\"231\">Gesamtvolumen des Ofens<\/td>\n<td width=\"87\">14<\/td>\n<td width=\"126\">m.<\/td>\n<td width=\"187\"><\/td>\n<\/tr>\n<tr>\n<td width=\"35\"><strong>3<\/strong><\/td>\n<td width=\"231\">Ofenbereich<\/td>\n<td width=\"87\">16 \u0445 8 \u0445 7<\/td>\n<td width=\"126\">D. x Sh. X V.<\/td>\n<td width=\"187\"><\/td>\n<\/tr>\n<tr>\n<td width=\"35\"><strong>4<\/strong><\/td>\n<td width=\"231\">\u00d6l- \/ Gasbrenner<\/td>\n<td width=\"87\"><\/td>\n<td width=\"126\"><\/td>\n<td width=\"187\">Auf Bestellung<\/td>\n<\/tr>\n<tr>\n<td width=\"35\"><strong>5<\/strong><\/td>\n<td width=\"231\">Brennerleistung<\/td>\n<td width=\"87\">1,5<\/td>\n<td width=\"126\">MW<\/td>\n<td width=\"187\"><\/td>\n<\/tr>\n<tr>\n<td width=\"35\"><strong>6<\/strong><\/td>\n<td width=\"231\">Spezifische Geschwindigkeit schmelzen<\/td>\n<td width=\"87\">1,0 \u2013 1,5<\/td>\n<td width=\"126\">Tonnen pro Stunde<\/td>\n<td width=\"187\">Abh\u00e4ngig vom Material<\/td>\n<\/tr>\n<tr>\n<td width=\"35\"><strong>7<\/strong><\/td>\n<td width=\"231\">Leistung<\/td>\n<td width=\"87\">10 \u2013 20<\/td>\n<td width=\"126\">Tonnen pro Stunde<\/td>\n<td width=\"187\">Abh\u00e4ngig vom Material<\/td>\n<\/tr>\n<tr>\n<td width=\"35\"><strong>8<\/strong><\/td>\n<td width=\"231\">Drehzahl des Ofens<\/td>\n<td width=\"87\">0,5 \u2013 4,0<\/td>\n<td width=\"126\">Grad.min<\/td>\n<td width=\"187\"><\/td>\n<\/tr>\n<tr>\n<td width=\"35\"><strong>9<\/strong><\/td>\n<td width=\"231\">Neigungswinkel des Ofens<\/td>\n<td width=\"87\">&#8211; 8,0 + 25,0<\/td>\n<td width=\"126\">Grad<\/td>\n<td width=\"187\"><\/td>\n<\/tr>\n<tr>\n<td width=\"35\"><strong>10<\/strong><\/td>\n<td width=\"231\">Ofenl\u00e4nge<\/td>\n<td width=\"87\">5.200<\/td>\n<td width=\"126\">mm<\/td>\n<td width=\"187\"><\/td>\n<\/tr>\n<tr>\n<td width=\"35\"><strong>11<\/strong><\/td>\n<td width=\"231\">Ofenbreite<\/td>\n<td width=\"87\">3.400<\/td>\n<td width=\"126\">mm<\/td>\n<td width=\"187\"><\/td>\n<\/tr>\n<tr>\n<td width=\"35\"><strong>12<\/strong><\/td>\n<td width=\"231\">Feuer ziegel dicke<\/td>\n<td width=\"87\">220 \/ 294<\/td>\n<td width=\"126\">mm<\/td>\n<td width=\"187\"><\/td>\n<\/tr>\n<tr>\n<td width=\"35\"><strong>13<\/strong><\/td>\n<td width=\"231\">Durchmesser der Ladet\u00fcr<\/td>\n<td width=\"87\">1.200<\/td>\n<td width=\"126\">mm<\/td>\n<td width=\"187\"><\/td>\n<\/tr>\n<tr>\n<td width=\"35\"><strong>14<\/strong><\/td>\n<td width=\"231\">Ofenstromversorgung<\/td>\n<td width=\"87\">400<\/td>\n<td width=\"126\">KW<\/td>\n<td width=\"187\"><\/td>\n<\/tr>\n<tr>\n<td width=\"35\"><strong>15<\/strong><\/td>\n<td width=\"231\">\u00d6l- \/ Dieselverbrauch<\/td>\n<td width=\"87\">150<\/td>\n<td width=\"126\">Liter \/ Stunde<\/td>\n<td width=\"187\"><\/td>\n<\/tr>\n<\/tbody>\n<\/table>\n<p><strong>\u00a0<\/strong>Technische Parameter der Lademaschine f\u00fcr den RNP-Ofen<\/p>\n<table>\n<tbody>\n<tr>\n<td width=\"36\"><strong>\u041d\u0440<\/strong><\/td>\n<td width=\"242\"><strong>Technische Lademaschine<\/strong><\/td>\n<td width=\"84\"><strong>Z\u00e4hlen<\/strong><\/td>\n<td width=\"113\"><strong>Messungen<\/strong><\/td>\n<td width=\"192\"><strong>Hinweis<\/strong><\/td>\n<\/tr>\n<tr>\n<td width=\"36\"><strong>1<\/strong><\/td>\n<td width=\"242\">Volumen laden<\/td>\n<td width=\"84\">1,5<\/td>\n<td width=\"113\">m.<\/td>\n<td width=\"192\"><\/td>\n<\/tr>\n<tr>\n<td width=\"36\"><strong>2<\/strong><\/td>\n<td width=\"242\">Maximale Materiall\u00e4nge<\/td>\n<td width=\"84\">2.300<\/td>\n<td width=\"113\">mm<\/td>\n<td width=\"192\"><\/td>\n<\/tr>\n<tr>\n<td width=\"36\"><strong>3<\/strong><\/td>\n<td width=\"242\">Innendurchmesser<\/td>\n<td width=\"84\">1.000<\/td>\n<td width=\"113\">mm<\/td>\n<td width=\"192\"><\/td>\n<\/tr>\n<tr>\n<td width=\"36\"><strong>4<\/strong><\/td>\n<td width=\"242\">Maximales Gewicht des Materials<\/td>\n<td width=\"84\">1,5<\/td>\n<td width=\"113\">Tonnen<\/td>\n<td width=\"192\">Auf Bestellung<\/td>\n<\/tr>\n<tr>\n<td width=\"36\"><strong>5<\/strong><\/td>\n<td width=\"242\">Bootzykluszeit<\/td>\n<td width=\"84\">90<\/td>\n<td width=\"113\">Sec<\/td>\n<td width=\"192\"><\/td>\n<\/tr>\n<tr>\n<td width=\"36\"><strong>6<\/strong><\/td>\n<td width=\"242\">Maschinenl\u00e4nge ohne Schiene<\/td>\n<td width=\"84\">7.000<\/td>\n<td width=\"113\">mm<\/td>\n<td width=\"192\"><\/td>\n<\/tr>\n<tr>\n<td width=\"36\"><strong>7<\/strong><\/td>\n<td width=\"242\">Maschinenbreite<\/td>\n<td width=\"84\">3.000<\/td>\n<td width=\"113\">mm<\/td>\n<td width=\"192\"><\/td>\n<\/tr>\n<tr>\n<td width=\"36\"><strong>8<\/strong><\/td>\n<td width=\"242\">Stromversorgung der Maschine<\/td>\n<td width=\"84\">60<\/td>\n<td width=\"113\">KW<\/td>\n<td width=\"192\"><\/td>\n<\/tr>\n<\/tbody>\n<\/table>\n<p>&#8211; Verteilungsofen &#8211; Mischer f\u00fcr RNP-Ofen<\/p>\n<p><img loading=\"lazy\" class=\"alignnone wp-image-213\" src=\"http:\/\/balmet.cz\/wp-content\/uploads\/2019\/03\/Mixer-for-melting-metal-01-300x194.jpg\" alt=\"\" width=\"620\" height=\"401\" srcset=\"https:\/\/balmet.cz\/wp-content\/uploads\/2019\/03\/Mixer-for-melting-metal-01-300x194.jpg 300w, https:\/\/balmet.cz\/wp-content\/uploads\/2019\/03\/Mixer-for-melting-metal-01-768x496.jpg 768w, https:\/\/balmet.cz\/wp-content\/uploads\/2019\/03\/Mixer-for-melting-metal-01.jpg 1024w\" sizes=\"(max-width: 620px) 100vw, 620px\" \/><\/p>\n<p>Der Ofen hat einen monolithischen Rahmen von gro\u00dfer Gr\u00f6\u00dfe, um die gew\u00fcnschte Temperatur aufrechtzuerhalten. F\u00fcr die Reinigung und Installation in der Kammer gibt es eine spezielle T\u00fcr (hydraulischer Antrieb). F\u00fcr die Reinigung und Pflege des Lagerbereichs gibt es eine zus\u00e4tzliche T\u00fcr (hydraulischer Antrieb). T\u00fcren werden durch Keramikdichtungen gesch\u00fctzt. Die T\u00fcren sind mit einem mechanischen Stift ausgestattet.<\/p>\n<p>Der Ofen ist mit folgenden Ausr\u00fcstungen ausgestattet:<\/p>\n<p>1.1 Ein Thermoelement aus Siliziumkarbid, das in einem Ausguss platziert wird, um die Temperatur des Metalls mithilfe von Brennern zu kontrollieren.<\/p>\n<ol start=\"2\">\n<li>1 Thermoelement zum Regeln der Temperatur der feuerfesten Schmelzkammer.<\/li>\n<li>1 Thermoelement zur Kontrolle der Temperatur der Feuerfestkammer, in der der Sensor in der Ausgie\u00dfd\u00fcse installiert ist, und den F\u00fcllstand des fl\u00fcssigen Aluminiums \u00fcberpr\u00fcfen. Wenn die Lade- oder Reinigungst\u00fcr ge\u00f6ffnet wird, werden die Schmelzbrenner ausgeschaltet oder gehen mit minimaler Leistung in den Modus (nach Wahl des Kunden). Nach dem Schlie\u00dfen wird die vorherige Installation des Brenners wiederhergestellt. Die Schmelzbrenner werden automatisch abgeschaltet, wenn der maximale F\u00fcllstand des Bades erreicht wird, wenn ein m\u00f6glicher Metallspritzer einen Kurzschluss verursacht oder wenn das Kabel bricht.<\/li>\n<\/ol>\n<p>&#8211; F\u00fcllmaschine f\u00fcr Ofen RNP<\/p>\n<p><img loading=\"lazy\" class=\"alignnone wp-image-214\" src=\"http:\/\/balmet.cz\/wp-content\/uploads\/2019\/03\/Filling-machine-1-300x212.jpg\" alt=\"\" width=\"623\" height=\"440\" srcset=\"https:\/\/balmet.cz\/wp-content\/uploads\/2019\/03\/Filling-machine-1-300x212.jpg 300w, https:\/\/balmet.cz\/wp-content\/uploads\/2019\/03\/Filling-machine-1-768x543.jpg 768w, https:\/\/balmet.cz\/wp-content\/uploads\/2019\/03\/Filling-machine-1-1024x724.jpg 1024w\" sizes=\"(max-width: 623px) 100vw, 623px\" \/><\/p>\n<p>Die Gie\u00dfmaschine ist eine Stahlkonstruktion, die eine ununterbrochene Produktion von 6-7-kg-Standardbl\u00f6cken aus sekund\u00e4ren Aluminiumlegierungen erm\u00f6glicht. Formteile aus duktilem Gusseisen werden an einer Kette montiert, die von einem Elektromotor mit Getriebe angetrieben wird. Formen werden durch Gasbrenner vorgew\u00e4rmt. Die gef\u00fcllten Kokillen werden durch ein 11 kW-Gebl\u00e4se gek\u00fchlt.<\/p>\n<p><strong>Technische<\/strong> <strong>Daten<\/strong><\/p>\n<table>\n<tbody>\n<tr>\n<td width=\"314\">Schimmel<\/td>\n<td width=\"314\">Barren 6-8 kg<\/td>\n<\/tr>\n<tr>\n<td width=\"314\">Nummer der Presse<\/td>\n<td width=\"314\">92 st\u00fcck<\/td>\n<\/tr>\n<tr>\n<td width=\"314\">Formteile<\/td>\n<td width=\"314\">Sph\u00e4roguss EN JGS 400-15<\/td>\n<\/tr>\n<tr>\n<td width=\"314\">Leistung<\/td>\n<td width=\"314\">bis zu 3.000 kg \/ h<\/td>\n<\/tr>\n<tr>\n<td width=\"314\">Schimmelvorw\u00e4rmung<\/td>\n<td width=\"314\">\u00d6lbrenner<\/td>\n<\/tr>\n<tr>\n<td width=\"314\">Werkzeugk\u00fchlung<\/td>\n<td width=\"314\">Zwei L\u00fcfter 11 kW<\/td>\n<\/tr>\n<tr>\n<td width=\"314\">Maschinendesign<\/td>\n<td width=\"314\">Haltbarer Stahlrahmen<\/td>\n<\/tr>\n<tr>\n<td width=\"314\">Gesamtabmessungen<\/td>\n<td width=\"314\">7,8 mL x 1,23 m W x 2,54 mH<\/td>\n<\/tr>\n<\/tbody>\n<\/table>\n<p>&#8211; Gasreinigungssystem f\u00fcr RNP-Ofen<\/p>\n<p><img loading=\"lazy\" class=\"alignnone wp-image-215\" src=\"http:\/\/balmet.cz\/wp-content\/uploads\/2019\/03\/Gas-cleaning-system-1-212x300.jpg\" alt=\"\" width=\"464\" height=\"657\" srcset=\"https:\/\/balmet.cz\/wp-content\/uploads\/2019\/03\/Gas-cleaning-system-1-212x300.jpg 212w, https:\/\/balmet.cz\/wp-content\/uploads\/2019\/03\/Gas-cleaning-system-1-768x1086.jpg 768w, https:\/\/balmet.cz\/wp-content\/uploads\/2019\/03\/Gas-cleaning-system-1-724x1024.jpg 724w, https:\/\/balmet.cz\/wp-content\/uploads\/2019\/03\/Gas-cleaning-system-1.jpg 1654w\" sizes=\"(max-width: 464px) 100vw, 464px\" \/><\/p>\n<p>Das Gasreinigungssystem besteht aus Filtern f\u00fcr Trockenbeutel mit einer Kapazit\u00e4t von bis zu 60.000 Am3 \/ Stunde zur Neutralisierung von Schwefel, Chlor und Fluor enthaltenden Verbindungen.<\/p>\n<p>TECHNISCHE DATEN:<\/p>\n<p>Projizierter Luftstrom: 6 0.000 Am\u00b3 \/ h<\/p>\n<p>max. Temperatur: 1 50 \u00b0 C<\/p>\n<p>Mindesttemperatur: 6 5 \u00b0 C (\u00fcber dem Taupunkt)<\/p>\n<p>Zugang zu den Filterschl\u00e4uchen: Seitent\u00fcren durch einen Sicherheitsschalter gesch\u00fctzt<\/p>\n<p>Gesamtfilterfl\u00e4che: 1. 1032 m\u00b2<\/p>\n<p>Reinigungsventilator: 5, 5 kW<\/p>\n<p>Staubemission: <5 mg \/ Nm3\n\n<strong>Filterschneckenf\u00f6rderer<\/strong><\/p>\n<p>TECHNISCHE DATEN:<\/p>\n<p>\u00dcbertragungssystem &#8211; Schneckenf\u00f6rderer, Leistung 3,0 kW<\/p>\n<p>Durchmesser &#8211; 350 mm<\/p>\n<p>Gro\u00dfe Beutelkapazit\u00e4t &#8211; 1,2 m3<\/p>\n<p>Getriebekapazit\u00e4t &#8211; 0,75 KW<\/p>\n<p>Rotordurchmesser &#8211; 220 mm<\/p>\n<p><strong>4.Andere Ger\u00e4te von unseren Kunden bestellt.<\/strong><\/p>\n<p>Lasersystem zum Markieren von Produkten und Fertigungsteilen.<\/p>\n<p><img loading=\"lazy\" class=\"alignnone wp-image-216\" src=\"http:\/\/balmet.cz\/wp-content\/uploads\/2019\/03\/Laser-machime-225x300.jpg\" alt=\"\" width=\"467\" height=\"623\" srcset=\"https:\/\/balmet.cz\/wp-content\/uploads\/2019\/03\/Laser-machime-225x300.jpg 225w, https:\/\/balmet.cz\/wp-content\/uploads\/2019\/03\/Laser-machime-768x1025.jpg 768w, https:\/\/balmet.cz\/wp-content\/uploads\/2019\/03\/Laser-machime-767x1024.jpg 767w, https:\/\/balmet.cz\/wp-content\/uploads\/2019\/03\/Laser-machime.jpg 809w\" sizes=\"(max-width: 467px) 100vw, 467px\" \/><\/p>\n","protected":false},"excerpt":{"rendered":"<p>AUSR\u00dcSTUNG Unser Unternehmen BalMet Trade s.r.o. liefert zusammen mit Partnern Anlagen und Komponenten f\u00fcr die \u00d6l- und Gasindustrie sowie die petrochemische Industrie der GUS-Staaten. Auf der Grundlage von Kundenauftr\u00e4gen liefert unser Unternehmen: &#8211; Brunnenausr\u00fcstung f\u00fcr die Ausr\u00fcstung von Gas und \u00d6l f\u00f6rdernden Brunnen und ihre Konservierung; &#8211; Schmiede- und Pressausr\u00fcstung; &#8211; Metallbearbeitungsausr\u00fcstung und Herstellung von [&hellip;]<\/p>\n","protected":false},"author":1,"featured_media":0,"parent":0,"menu_order":0,"comment_status":"closed","ping_status":"closed","template":"","meta":{"spay_email":""},"yoast_head":"<!-- This site is optimized with the Yoast SEO plugin v14.9 - https:\/\/yoast.com\/wordpress\/plugins\/seo\/ -->\n<title>Ausr\u00fcstung - BALMET TRADE S.R.O.<\/title>\n<meta name=\"robots\" content=\"index, follow, max-snippet:-1, max-image-preview:large, max-video-preview:-1\" \/>\n<link rel=\"canonical\" href=\"http:\/\/balmet.cz\/equipment\/\" \/>\n<meta property=\"og:locale\" content=\"de_DE\" \/>\n<meta property=\"og:type\" content=\"article\" \/>\n<meta property=\"og:title\" content=\"Ausr\u00fcstung - BALMET TRADE S.R.O.\" \/>\n<meta property=\"og:url\" content=\"http:\/\/balmet.cz\/equipment\/\" \/>\n<meta property=\"og:site_name\" content=\"BALMET TRADE S.R.O.\" \/>\n<meta property=\"article:modified_time\" content=\"2019-03-15T21:32:57+00:00\" \/>\n<meta property=\"og:image\" content=\"http:\/\/balmet.cz\/wp-content\/uploads\/2019\/03\/Machine-Faccin-in-work-02-300x212.jpg\" \/>\n<meta name=\"twitter:card\" content=\"summary_large_image\" \/>\n<script type=\"application\/ld+json\" class=\"yoast-schema-graph\">{\"@context\":\"https:\/\/schema.org\",\"@graph\":[{\"@type\":\"WebSite\",\"@id\":\"https:\/\/balmet.cz\/de\/#website\",\"url\":\"https:\/\/balmet.cz\/de\/\",\"name\":\"BALMET TRADE S.R.O.\",\"description\":\"Unsere Firma wurde gegr\\u00fcndet, um Ausr\\u00fcstung zu liefern.\",\"potentialAction\":[{\"@type\":\"SearchAction\",\"target\":\"https:\/\/balmet.cz\/de\/?s={search_term_string}\",\"query-input\":\"required name=search_term_string\"}],\"inLanguage\":\"de\"},{\"@type\":\"ImageObject\",\"@id\":\"http:\/\/balmet.cz\/equipment\/#primaryimage\",\"inLanguage\":\"de\",\"url\":\"http:\/\/balmet.cz\/wp-content\/uploads\/2019\/03\/Machine-Faccin-in-work-02-300x212.jpg\"},{\"@type\":\"WebPage\",\"@id\":\"http:\/\/balmet.cz\/equipment\/#webpage\",\"url\":\"http:\/\/balmet.cz\/equipment\/\",\"name\":\"Ausr\\u00fcstung - BALMET TRADE S.R.O.\",\"isPartOf\":{\"@id\":\"https:\/\/balmet.cz\/de\/#website\"},\"primaryImageOfPage\":{\"@id\":\"http:\/\/balmet.cz\/equipment\/#primaryimage\"},\"datePublished\":\"2018-03-09T22:04:21+00:00\",\"dateModified\":\"2019-03-15T21:32:57+00:00\",\"inLanguage\":\"de\",\"potentialAction\":[{\"@type\":\"ReadAction\",\"target\":[\"http:\/\/balmet.cz\/equipment\/\"]}]}]}<\/script>\n<!-- \/ Yoast SEO plugin. -->","jetpack_sharing_enabled":true,"jetpack_shortlink":"https:\/\/wp.me\/P9Jwby-e","_links":{"self":[{"href":"https:\/\/balmet.cz\/de\/wp-json\/wp\/v2\/pages\/14"}],"collection":[{"href":"https:\/\/balmet.cz\/de\/wp-json\/wp\/v2\/pages"}],"about":[{"href":"https:\/\/balmet.cz\/de\/wp-json\/wp\/v2\/types\/page"}],"author":[{"embeddable":true,"href":"https:\/\/balmet.cz\/de\/wp-json\/wp\/v2\/users\/1"}],"replies":[{"embeddable":true,"href":"https:\/\/balmet.cz\/de\/wp-json\/wp\/v2\/comments?post=14"}],"version-history":[{"count":16,"href":"https:\/\/balmet.cz\/de\/wp-json\/wp\/v2\/pages\/14\/revisions"}],"predecessor-version":[{"id":246,"href":"https:\/\/balmet.cz\/de\/wp-json\/wp\/v2\/pages\/14\/revisions\/246"}],"wp:attachment":[{"href":"https:\/\/balmet.cz\/de\/wp-json\/wp\/v2\/media?parent=14"}],"curies":[{"name":"wp","href":"https:\/\/api.w.org\/{rel}","templated":true}]}}